{"id":25,"date":"2014-04-29T09:34:29","date_gmt":"2014-04-29T08:34:29","guid":{"rendered":"http:\/\/mirfrance.org\/MIR\/?page_id=25"},"modified":"2023-10-11T11:30:47","modified_gmt":"2023-10-11T10:30:47","slug":"soutien","status":"publish","type":"page","link":"https:\/\/mirfrance.org\/MIR\/qui-sommes-nous\/soutien\/","title":{"rendered":"Soutien"},"content":{"rendered":"\n<div style=\"font-weight: bold; color: #000000;\">\n<div>\n<div style=\"color: #000099;\"><big><big><big>Le MIR a besoin de votre soutien<\/big><\/big><\/big><\/div>\n<div>\u00a0<\/div>\n<p><strong><big>Votre soutien, m\u00eame modeste, contribue grandement \u00e0 la diffusion de la non-violence et de l\u2019\u00e9ducation \u00e0 la paix comme mode de r\u00e9solution des conflits. <\/big><\/strong><br \/><br \/><strong><big>Il permet :<\/big><big> <\/big><\/strong><\/p>\n<ul>\n<li><strong><big>d\u2019approfondir notre option pour la non-violence dans notre travail quotidien,<\/big><\/strong><\/li>\n<li><strong><big>de soutenir collectivement les appels, prises de position et actions du MIR au plan local, national et international,<\/big><\/strong><\/li>\n<li><strong><big>d\u2019informer et conscientiser nos concitoyens,<\/big><\/strong><\/li>\n<li><strong><big>de travailler \u00e0 la pr\u00e9vention de situations de violence,<\/big><\/strong><\/li>\n<li><strong><big>de continuer \u00e0 organiser des sessions de formation \u00e0 la non-violence.<\/big><\/strong><\/li>\n<\/ul>\n<\/div>\n<h5><big><big style=\"color: #000099;\"><big>Vous pouvez nous aider<\/big><\/big><br \/><\/big><\/h5>\n<div>\n<ul>\n<li><strong><big>Pour soutenir nos sessions de formation \u00e0 la non-violence,<\/big><\/strong><\/li>\n<li><strong><big>Pour nous permettre d\u2019envoyer dans des pays du Sud divers outils p\u00e9dagogiques li\u00e9s \u00e0 la non-violence et \u00e0 la r\u00e9conciliation,<\/big><\/strong><\/li>\n<li><strong><big>Pour contribuer \u00e0 nos actions de visibilit\u00e9 aupr\u00e8s de l&rsquo;opinion publique,<\/big><\/strong><\/li>\n<li><strong><big>Pour nous permettre d&rsquo;informer et de conscientiser,<br \/><\/big><\/strong><\/li>\n<li><strong><big>Pour contribuer \u00e0 la publication des Cahiers de la R\u00e9conciliation,<\/big><\/strong><\/li>\n<li><strong><big>Pour aider le secr\u00e9tariat de l\u2019association,<\/big><\/strong><\/li>\n<li><strong><big>Pour nous aider \u00e0 faire entendre la voix du MIR&#8230;<\/big><\/strong><\/li>\n<\/ul>\n<div><big>N\u2019h\u00e9sitez pas \u00e0 pr\u00e9ciser l\u2019objet de votre don et votre choix sera respect\u00e9.<\/big><\/div>\n<div>\u00a0<\/div>\n<h2><span style=\"color: #333399; font-size: revert; font-family: -apple-system, BlinkMacSystemFont, 'Segoe UI', Roboto, Oxygen-Sans, Ubuntu, Cantarell, 'Helvetica Neue', sans-serif;\">Pourquoi nous donner r\u00e9guli\u00e8rement ?\u00a0<\/span><\/h2>\n<\/div>\n<\/div>\n\n\n\n<p><big><span style=\"font-weight: bold;\">Le don r\u00e9gulier est la mani\u00e8re la plus efficace \u00e0 l&rsquo;heure actuelle de soutenir une association :\u00a0<\/span><\/big><\/p>\n<ul>\n<li><strong><big>votre don r\u00e9gulier nous permet d&rsquo;avoir une visibilit\u00e9 sur nos ressources et de pouvoir pr\u00e9voir nos activit\u00e9s sur le long terme.<\/big><\/strong><\/li>\n<li><strong><big>votre don r\u00e9gulier r\u00e9duit le temps et les frais de gestion de traitement de votre apport financier : simple et efficace pour vous et pour nous, le pr\u00e9l\u00e8vement automatique ne requiert aucune gestion sp\u00e9cifique de notre part.<\/big><\/strong><\/li>\n<li><strong>votre don mensuel \u00e9quivaut \u00e0 une p\u00e9tition permanente au soutien de nos actions.<\/strong><\/li>\n<\/ul>\n<p><br \/><big><span style=\"font-weight: bold;\">Au-del\u00e0 de l&rsquo;apport financier que vous apportez au mouvement, vous lui donnez aussi votre voix !<\/span><\/big><br \/><br \/><big><span style=\"font-weight: bold;\">Vous pouvez faire un don ponctuel par ch\u00e8que en remplissant le formulaire de dons ponctuels <\/span><\/big><big><span style=\"font-weight: bold;\"><a href=\"http:\/\/www.mirfrance.org\/img\/Mir_appeldonschq.pdf\">(t\u00e9l\u00e9charger le formulaire ici<\/a>).<\/span><\/big><br \/><br \/><big><span style=\"font-weight: bold;\">Vous pouvez faire un don r\u00e9gulier par pr\u00e9l\u00e8vement en remplissant le formulaire de dons r\u00e9guliers <\/span><\/big><big><span style=\"font-weight: bold;\">(<a href=\"http:\/\/www.mirfrance.org\/img\/Mir_appeldonsrib.pdf\" target=\"_blank\" rel=\"noopener\">t\u00e9l\u00e9charger le formulaire ici<\/a>).<\/span><\/big><br \/><br \/><big><span style=\"font-weight: bold;\">Vous pouvez \u00e0 tout moment changer le montant de votre don, le suspendre ou l&rsquo;interrompre en nous contactant \u00e0 l&rsquo;adresse email suivante :\u00a0<\/span><a href=\"mailto:mirfr@club-internet.fr\"><span style=\"font-weight: bold;\">mirfr@club-internet.fr<\/span><\/a><\/big><\/p>\n<p>\u00a0<\/p>\n\n\n\n<div style=\"color: #000000;\">\n<div><big style=\"font-weight: bold; color: #ff6600;\">Le MIR peut \u00e9galement recevoir des legs, qui permettent de soutenir l\u2019action du mouvement sur le long terme.<\/big><\/div>\n<\/div>\n","protected":false},"excerpt":{"rendered":"<p>Le MIR a besoin de votre soutien \u00a0 Votre soutien, m\u00eame modeste, contribue grandement \u00e0 la diffusion de la non-violence et de l\u2019\u00e9ducation \u00e0 la paix comme mode de r\u00e9solution des conflits. Il permet : d\u2019approfondir notre option pour la non-violence dans notre travail quotidien, de soutenir collectivement les appels, prises de position et actions [&hellip;]<\/p>\n","protected":false},"author":1,"featured_media":0,"parent":2,"menu_order":1,"comment_status":"closed","ping_status":"open","template":"","meta":{"footnotes":""},"class_list":["post-25","page","type-page","status-publish","hentry"],"_links":{"self":[{"href":"https:\/\/mirfrance.org\/MIR\/wp-json\/wp\/v2\/pages\/25","targetHints":{"allow":["GET"]}}],"collection":[{"href":"https:\/\/mirfrance.org\/MIR\/wp-json\/wp\/v2\/pages"}],"about":[{"href":"https:\/\/mirfrance.org\/MIR\/wp-json\/wp\/v2\/types\/page"}],"author":[{"embeddable":true,"href":"https:\/\/mirfrance.org\/MIR\/wp-json\/wp\/v2\/users\/1"}],"replies":[{"embeddable":true,"href":"https:\/\/mirfrance.org\/MIR\/wp-json\/wp\/v2\/comments?post=25"}],"version-history":[{"count":7,"href":"https:\/\/mirfrance.org\/MIR\/wp-json\/wp\/v2\/pages\/25\/revisions"}],"predecessor-version":[{"id":1038,"href":"https:\/\/mirfrance.org\/MIR\/wp-json\/wp\/v2\/pages\/25\/revisions\/1038"}],"up":[{"embeddable":true,"href":"https:\/\/mirfrance.org\/MIR\/wp-json\/wp\/v2\/pages\/2"}],"wp:attachment":[{"href":"https:\/\/mirfrance.org\/MIR\/wp-json\/wp\/v2\/media?parent=25"}],"curies":[{"name":"wp","href":"https:\/\/api.w.org\/{rel}","templated":true}]}}