{"id":244,"date":"2015-02-04T14:46:43","date_gmt":"2015-02-04T13:46:43","guid":{"rendered":"http:\/\/mirfrance.org\/MIR\/?page_id=244"},"modified":"2015-02-04T14:48:29","modified_gmt":"2015-02-04T13:48:29","slug":"branches-difor","status":"publish","type":"page","link":"https:\/\/mirfrance.org\/MIR\/branches-difor\/","title":{"rendered":"Branches d&rsquo;IFOR"},"content":{"rendered":"<ul>\n<li>Am\u00e9riques:\n<ul>\n<li><a href=\"http:\/\/forusa.org\/\">Fellowship of Reconciliation<\/a> &#8211; USA<\/li>\n<li><a href=\"http:\/\/www.serpajamericalatina.org\/\">Am\u00e9rica Latina Servicio Paz y Justicia<\/a> &#8211; Argentine, Bolivie, Br\u00e9sil, Chili, Colombie, Costa Rica, \u00c9quateur, El Salvador, Mexique, Nicaragua, Panama, Paraguay, P\u00e9rou, Uruguay<\/li>\n<\/ul>\n<\/li>\n<li>Asie:\n<ul>\n<li><a href=\"http:\/\/www.bikalpa.org\/\">Bikalpa Gyan Tatha Bikas Kendra<\/a> &#8211; N\u00e9pal<\/li>\n<li><a href=\"http:\/\/www.ccrr-pal.org\/\">Centre pour la r\u00e9solution des conflits et la r\u00e9conciliation<\/a> &#8211; Palestine<\/li>\n<li><a href=\"http:\/\/www.alaslah.org\/\">Wi&rsquo;am Centre<\/a> &#8211; Palestine<\/li>\n<li><a href=\"http:\/\/www.mendonline.org\/\">Est non-violence et de la d\u00e9mocratie au Moyen<\/a> &#8211; Palestine<\/li>\n<li>Sampreeti &#8211; Bangladesh<\/li>\n<li><a href=\"http:\/\/www.jfor.jp\/\">Nihon Yuwa Kai<\/a> &#8211; Japon<\/li>\n<li>Fellowship of Reconciliation Inde &#8211; Inde<\/li>\n<li><a href=\"http:\/\/akkapka-canv.comoj.com\/\">Aksyon par sa Kapayapaan au Katarungan<\/a> &#8211; Philippines<\/li>\n<\/ul>\n<\/li>\n<li>L&rsquo;Europe:\n<ul>\n<li><a href=\"http:\/\/www.versoehnungsbund.at\/\">Internationaler Vers\u00f6hnungsbund<\/a> &#8211; Autriche<\/li>\n<li><a href=\"http:\/\/agirpourlapaix.be\/\">Agir pour la Paix<\/a> &#8211; Belgique<\/li>\n<li><a href=\"http:\/\/www.for.org.uk\/\">Fellowship of Reconciliation<\/a> &#8211; Angleterre<\/li>\n<li><a href=\"https:\/\/www.versoehnungsbund.de\/\">Internationaler Vers\u00f6hnungsbund<\/a> &#8211; Allemagne<\/li>\n<li><a href=\"http:\/\/www.ifor.no\/\">Forsoning de Fred<\/a> &#8211; Norv\u00e8ge<\/li>\n<li><a href=\"http:\/\/for-scotland.org.uk\/\">Fellowship of Reconciliation Ecosse<\/a> &#8211; Ecosse<\/li>\n<li><a href=\"http:\/\/krf.se\/\">Kristina Fredsrorelsen<\/a> &#8211; Su\u00e8de<\/li>\n<li><a href=\"http:\/\/www.cymdeithasycymod.org.uk\/\">Cymdeithas y CYMOD<\/a> &#8211; Pays de Galles<\/li>\n<li><a href=\"http:\/\/ifor-mir.ch\/\">IFOR Schweiz \/ MIR Suisse<\/a> &#8211; Suisse<\/li>\n<li><a href=\"http:\/\/www.kerkenvrede.nl\/\">Kerk en Vrede<\/a> &#8211; Pays-Bas<\/li>\n<li><a href=\"http:\/\/mirfrance.org\/\">Mouvement international de la Reconciliaci\u00f3n<\/a> &#8211; France<\/li>\n<li><a href=\"http:\/\/www.peacelink.it\/mir\">Movimento Internazionale della Riconciliazione<\/a> &#8211; Italie<\/li>\n<\/ul>\n<\/li>\n<\/ul>\n<ul>\n<li>Afrique:\n<ul>\n<li>Association Tchadienne Pour La non-violence &#8211; Tchad<\/li>\n<li>FIEFA \/ MIR Mad &#8211; Madagascar<\/li>\n<li>Fellowship of Reconciliation Zimbabwe &#8211; Zimbabwe<\/li>\n<li>Jamii Ya Kupatanisha &#8211; Ouganda<\/li>\n<li>Mouvement de la R\u00e9conciliation Congo &#8211; Congo<\/li>\n<li>Organisation soudanaise pour la non-violence et le d\u00e9veloppement &#8211; Soudan<\/li>\n<li>Forum de la jeunesse pour la paix et la justice &#8211; Zambie<\/li>\n<\/ul>\n<\/li>\n<\/ul>\n","protected":false},"excerpt":{"rendered":"<p>Am\u00e9riques: Fellowship of Reconciliation &#8211; USA Am\u00e9rica Latina Servicio Paz y Justicia &#8211; Argentine, Bolivie, Br\u00e9sil, Chili, Colombie, Costa Rica, \u00c9quateur, El Salvador, Mexique, Nicaragua, Panama, Paraguay, P\u00e9rou, Uruguay Asie: Bikalpa Gyan Tatha Bikas Kendra &#8211; N\u00e9pal Centre pour la r\u00e9solution des conflits et la r\u00e9conciliation &#8211; Palestine Wi&rsquo;am Centre &#8211; Palestine Est non-violence et [&hellip;]<\/p>\n","protected":false},"author":1,"featured_media":0,"parent":0,"menu_order":0,"comment_status":"closed","ping_status":"open","template":"","meta":{"footnotes":""},"class_list":["post-244","page","type-page","status-publish","hentry"],"_links":{"self":[{"href":"https:\/\/mirfrance.org\/MIR\/wp-json\/wp\/v2\/pages\/244","targetHints":{"allow":["GET"]}}],"collection":[{"href":"https:\/\/mirfrance.org\/MIR\/wp-json\/wp\/v2\/pages"}],"about":[{"href":"https:\/\/mirfrance.org\/MIR\/wp-json\/wp\/v2\/types\/page"}],"author":[{"embeddable":true,"href":"https:\/\/mirfrance.org\/MIR\/wp-json\/wp\/v2\/users\/1"}],"replies":[{"embeddable":true,"href":"https:\/\/mirfrance.org\/MIR\/wp-json\/wp\/v2\/comments?post=244"}],"version-history":[{"count":2,"href":"https:\/\/mirfrance.org\/MIR\/wp-json\/wp\/v2\/pages\/244\/revisions"}],"predecessor-version":[{"id":247,"href":"https:\/\/mirfrance.org\/MIR\/wp-json\/wp\/v2\/pages\/244\/revisions\/247"}],"wp:attachment":[{"href":"https:\/\/mirfrance.org\/MIR\/wp-json\/wp\/v2\/media?parent=244"}],"curies":[{"name":"wp","href":"https:\/\/api.w.org\/{rel}","templated":true}]}}