{"id":21,"date":"2014-04-29T09:16:43","date_gmt":"2014-04-29T08:16:43","guid":{"rendered":"http:\/\/mirfrance.org\/MIR\/?page_id=21"},"modified":"2014-04-29T09:16:43","modified_gmt":"2014-04-29T08:16:43","slug":"historique","status":"publish","type":"page","link":"https:\/\/mirfrance.org\/MIR\/qui-sommes-nous\/historique\/","title":{"rendered":"Historique"},"content":{"rendered":"<p><strong style=\"color: #111111;\">Le MIR est la branche fran\u00e7aise d\u2019une organisation appel\u00e9e l\u2019IFOR\u00a0: International Fellowship of Reconciliation. L\u2019IFOR est n\u00e9 en ao\u00fbt 1914 d&rsquo;une prise de conscience de chr\u00e9tiens de nationalit\u00e9s et de confessions diff\u00e9rentes, confront\u00e9s au scandale de la guerre. Il compte parmi ses membres six prix Nobel de la paix, dont Martin Luther King et Adolfo Perez Esquivel. Il a un statut consultatif \u00e0 l\u2019O.N.U. et \u00e0 l\u2019U.N.E.S.C.O. et celui d\u2019organisation associ\u00e9e aupr\u00e8s de la Conf\u00e9rence des \u00c9glises europ\u00e9ennes (K.E.K.) et du Conseil \u0153cum\u00e9nique des \u00c9glises (C.O.E.)<\/strong><span style=\"color: #111111;\">.\u00a0<\/span><br style=\"color: #111111;\" \/><br style=\"color: #111111;\" \/><span style=\"color: #111111;\">La branche fran\u00e7aise de l\u2019<\/span><strong style=\"color: #111111;\">IFOR<\/strong><span style=\"color: #111111;\">, appel\u00e9e MIR,\u00a0<\/span><strong style=\"color: #111111;\">Mouvement international de la R\u00e9conciliation<\/strong><span style=\"color: #111111;\">, est cr\u00e9\u00e9e en 1923.<\/span><br style=\"color: #111111;\" \/><br style=\"color: #111111;\" \/><span style=\"color: #111111;\">D\u00e8s le d\u00e9part, en France, le mouvement se donne une orientation d\u00e9cisive vers le combat en faveur de\u00a0<\/span><strong style=\"color: #111111;\">l\u2019objection de conscience<\/strong><span style=\"color: #111111;\">.\u00a0<\/span><br style=\"color: #111111;\" \/><br style=\"color: #111111;\" \/><span style=\"color: #111111;\">Durant la\u00a0<\/span><strong style=\"color: #111111;\">Seconde Guerre mondiale<\/strong><span style=\"color: #111111;\">, le pasteur Andr\u00e9 Trocm\u00e9, membre du MIR, engage la population du village du Chambon-sur-Lignon dans le\u00a0<\/span><strong style=\"color: #111111;\">sauvetage de milliers de juifs<\/strong><span style=\"color: #111111;\">. Apr\u00e8s la guerre, celui-ci devient secr\u00e9taire g\u00e9n\u00e9ral du mouvement.\u00a0<\/span><br style=\"color: #111111;\" \/><br style=\"color: #111111;\" \/><span style=\"color: #111111;\">Par la suite, le MIR s\u2019engage dans le\u00a0<\/span><strong style=\"color: #111111;\">dialogue avec les pays de l\u2019est de l\u2019Europe<\/strong><span style=\"color: #111111;\">; il s\u2019implique aussi dans\u00a0<\/span><strong style=\"color: #111111;\">la lutte anti-nucl\u00e9aire et pour le d\u00e9sarmement<\/strong><span style=\"color: #111111;\">, tout en poursuivant son engagement aupr\u00e8s des objecteurs de conscience.<\/span><br style=\"color: #111111;\" \/><br style=\"color: #111111;\" \/><span style=\"color: #111111;\">Lorsque\u00a0<\/span><strong style=\"color: #111111;\">Jean Goss et sa femme Hildegard Goss-Mayr, grands militants et acteurs de la non-violence<\/strong><span style=\"color: #111111;\">, s\u2019engagent aupr\u00e8s du MIR dans les ann\u00e9es 1950, ils contribuent \u00e0 la promotion de la non-violence active aupr\u00e8s de mouvements de r\u00e9sistance en Hongrie, \u00e0 Prague, en Irlande, aux Philippines, en Am\u00e9rique latine (avec Dom Helder Camara, Mgr Romero, Adolfo Perez Esquivel,\u2026), au Liban, \u00e0 Madagascar ou encore en Afrique du Sud.<\/span><br style=\"color: #111111;\" \/><br style=\"color: #111111;\" \/><span style=\"color: #111111;\">Durant les derni\u00e8res d\u00e9cennies, le mouvement s\u2019engage\u00a0<\/span><strong style=\"color: #111111;\">contre les guerres du Vietnam et d\u2019Alg\u00e9rie et, plus tard, contre la guerre du Golfe<\/strong><span style=\"color: #111111;\">\u00a0; il lutte aux c\u00f4t\u00e9s des\u00a0<\/span><strong style=\"color: #111111;\">paysans du Larzac<\/strong><span style=\"color: #111111;\">, s\u2019investit dans les recherches pour une\u00a0<\/span><strong style=\"color: #111111;\">d\u00e9fense civile non-violente<\/strong><span style=\"color: #111111;\">\u00a0et dans les\u00a0<\/span><strong style=\"color: #111111;\">mouvements contre l\u2019installation des missiles Pershing et Cruise<\/strong><span style=\"color: #111111;\">\u00a0en Europe.\u00a0<\/span><br style=\"color: #111111;\" \/><br style=\"color: #111111;\" \/><span style=\"color: #111111;\">Aujourd\u2019hui, le MIR agit dans le domaine de la<\/span><strong style=\"color: #111111;\">\u00a0formation \u00e0 la non-violence active et pour la promotion d\u2019une culture de non-violence<\/strong><span style=\"color: #111111;\">.<\/span><br style=\"color: #111111;\" \/><br style=\"color: #111111;\" \/><span style=\"color: #111111;\">L\u2019association est membre du D\u00e9partement \u00ab\u00a0Centres et mouvements\u00a0\u00bb de la\u00a0<\/span><strong style=\"color: #111111;\">F\u00e9d\u00e9ration protestante de France et du r\u00e9seau Eglise et Paix<\/strong><span style=\"color: #111111;\">.\u00a0<\/span><br style=\"color: #111111;\" \/><br style=\"color: #111111;\" \/><span style=\"color: #111111;\">Elle est \u00e9galement membre du\u00a0<\/span><strong style=\"color: #111111;\">Comit\u00e9 de coordination du Service civil\u00a0<\/strong><span style=\"color: #111111;\">(C.C.S.C) et membre fondateur de la\u00a0<\/span><strong style=\"color: #111111;\">Coordination fran\u00e7aise pour la D\u00e9cennie internationale de la promotion d\u2019une culture de la non-violence et de la paix au profit des enfants du monde<\/strong><span style=\"color: #111111;\">\u00a0(2001-2010), qu\u2019elle pr\u00e9side actuellement.<\/span><br style=\"color: #111111;\" \/><br style=\"color: #111111;\" \/><span style=\"color: #111111;\">La branche fran\u00e7aise du MIR a son si\u00e8ge \u00e0 Paris et d\u00e9ploie son action dans tout le pays au travers de ses groupes locaux et de l\u2019action de ses adh\u00e9rents.<\/span><\/p>\n","protected":false},"excerpt":{"rendered":"<p>Le MIR est la branche fran\u00e7aise d\u2019une organisation appel\u00e9e l\u2019IFOR\u00a0: International Fellowship of Reconciliation. L\u2019IFOR est n\u00e9 en ao\u00fbt 1914 d&rsquo;une prise de conscience de chr\u00e9tiens de nationalit\u00e9s et de confessions diff\u00e9rentes, confront\u00e9s au scandale de la guerre. Il compte parmi ses membres six prix Nobel de la paix, dont Martin Luther King et Adolfo [&hellip;]<\/p>\n","protected":false},"author":1,"featured_media":0,"parent":2,"menu_order":0,"comment_status":"closed","ping_status":"open","template":"","meta":{"footnotes":""},"class_list":["post-21","page","type-page","status-publish","hentry"],"_links":{"self":[{"href":"https:\/\/mirfrance.org\/MIR\/wp-json\/wp\/v2\/pages\/21","targetHints":{"allow":["GET"]}}],"collection":[{"href":"https:\/\/mirfrance.org\/MIR\/wp-json\/wp\/v2\/pages"}],"about":[{"href":"https:\/\/mirfrance.org\/MIR\/wp-json\/wp\/v2\/types\/page"}],"author":[{"embeddable":true,"href":"https:\/\/mirfrance.org\/MIR\/wp-json\/wp\/v2\/users\/1"}],"replies":[{"embeddable":true,"href":"https:\/\/mirfrance.org\/MIR\/wp-json\/wp\/v2\/comments?post=21"}],"version-history":[{"count":1,"href":"https:\/\/mirfrance.org\/MIR\/wp-json\/wp\/v2\/pages\/21\/revisions"}],"predecessor-version":[{"id":22,"href":"https:\/\/mirfrance.org\/MIR\/wp-json\/wp\/v2\/pages\/21\/revisions\/22"}],"up":[{"embeddable":true,"href":"https:\/\/mirfrance.org\/MIR\/wp-json\/wp\/v2\/pages\/2"}],"wp:attachment":[{"href":"https:\/\/mirfrance.org\/MIR\/wp-json\/wp\/v2\/media?parent=21"}],"curies":[{"name":"wp","href":"https:\/\/api.w.org\/{rel}","templated":true}]}}