{"id":2,"date":"2014-04-28T17:48:32","date_gmt":"2014-04-28T17:48:32","guid":{"rendered":"http:\/\/mirfrance.org\/MIR\/?page_id=2"},"modified":"2023-10-11T11:11:20","modified_gmt":"2023-10-11T10:11:20","slug":"qui-sommes-nous","status":"publish","type":"page","link":"https:\/\/mirfrance.org\/MIR\/qui-sommes-nous\/","title":{"rendered":"Qui sommes nous ?"},"content":{"rendered":"<p><strong>Le<\/strong> MIR, <strong>Mouvement international de la R\u00e9conciliation<\/strong>, est la branche fran\u00e7aise de l&rsquo;<a href=\"https:\/\/www.ifor.org\" target=\"_blank\" rel=\"noopener\">International Fellowship of Reconciliation<\/a> (IFOR), une organisation internationale qui milite pour la promotion de la non-violence dans plus de 40 pays.<\/p>\n<p>L&rsquo;IFOR compte parmi ses membres six Prix Nobel de la paix, dont Martin Luther King, Mairead Corrigan-Maguire et Adolfo P\u00e9rez Esquivel.<\/p>\n<p>Le MIR fonde son engagement sur le message de la non-violence et de la r\u00e9conciliation tel qu&rsquo;il est r\u00e9v\u00e9l\u00e9 en la personne de J\u00e9sus-Christ dans l&rsquo;\u00c9vangile, notamment dans les B\u00e9atitudes et le Sermon sur la Montagne.<\/p>\n<p>La branche fran\u00e7aise du MIR a \u00e9t\u00e9 cr\u00e9\u00e9e en 1923 par des \u00e9tudiants de la facult\u00e9 de th\u00e9ologie protestante de Paris. Depuis sa fondation, ses membres sont engag\u00e9s contre la guerre et tout ce qui y pr\u00e9pare, la d\u00e9fense et la promotion de l&rsquo;objection de conscience et d&rsquo;une culture de non-violence et de paix.<\/p>\n<p>Son action se d\u00e9roule dans l&rsquo;esprit d\u00e9fini dans sa <a href=\"https:\/\/mirfrance.org\/MIR\/charte-du-mir\/\" target=\"_blank\" rel=\"noopener\">charte<\/a> et selon ses <a href=\"https:\/\/mirfrance.org\/MIR\/agir-avec-nous\/statuts-du-mir\/\" target=\"_blank\" rel=\"noopener\">statuts<\/a>.<\/p>\n<p>Son secr\u00e9tariat est \u00e0 Paris (68 rue Babylone &#8211; 75007 Paris).<\/p>\n<p>Contacts : mirfr@club-internet.fr &#8211; \u202d01 47 53 84 05.<\/p>\n","protected":false},"excerpt":{"rendered":"<p>Le MIR, Mouvement international de la R\u00e9conciliation, est la branche fran\u00e7aise de l&rsquo;International Fellowship of Reconciliation (IFOR), une organisation internationale qui milite pour la promotion de la non-violence dans plus de 40 pays. L&rsquo;IFOR compte parmi ses membres six Prix Nobel de la paix, dont Martin Luther King, Mairead Corrigan-Maguire et Adolfo P\u00e9rez Esquivel. Le [&hellip;]<\/p>\n","protected":false},"author":1,"featured_media":954,"parent":0,"menu_order":0,"comment_status":"open","ping_status":"open","template":"","meta":{"footnotes":""},"class_list":["post-2","page","type-page","status-publish","has-post-thumbnail","hentry"],"_links":{"self":[{"href":"https:\/\/mirfrance.org\/MIR\/wp-json\/wp\/v2\/pages\/2","targetHints":{"allow":["GET"]}}],"collection":[{"href":"https:\/\/mirfrance.org\/MIR\/wp-json\/wp\/v2\/pages"}],"about":[{"href":"https:\/\/mirfrance.org\/MIR\/wp-json\/wp\/v2\/types\/page"}],"author":[{"embeddable":true,"href":"https:\/\/mirfrance.org\/MIR\/wp-json\/wp\/v2\/users\/1"}],"replies":[{"embeddable":true,"href":"https:\/\/mirfrance.org\/MIR\/wp-json\/wp\/v2\/comments?post=2"}],"version-history":[{"count":8,"href":"https:\/\/mirfrance.org\/MIR\/wp-json\/wp\/v2\/pages\/2\/revisions"}],"predecessor-version":[{"id":1032,"href":"https:\/\/mirfrance.org\/MIR\/wp-json\/wp\/v2\/pages\/2\/revisions\/1032"}],"wp:featuredmedia":[{"embeddable":true,"href":"https:\/\/mirfrance.org\/MIR\/wp-json\/wp\/v2\/media\/954"}],"wp:attachment":[{"href":"https:\/\/mirfrance.org\/MIR\/wp-json\/wp\/v2\/media?parent=2"}],"curies":[{"name":"wp","href":"https:\/\/api.w.org\/{rel}","templated":true}]}}