{"id":134,"date":"2015-01-29T21:48:55","date_gmt":"2015-01-29T20:48:55","guid":{"rendered":"http:\/\/mirfrance.org\/MIR\/?page_id=134"},"modified":"2022-12-03T13:39:14","modified_gmt":"2022-12-03T12:39:14","slug":"le-mir-et-lifor","status":"publish","type":"page","link":"https:\/\/mirfrance.org\/MIR\/le-mir-et-lifor\/","title":{"rendered":"Le MIR et l&rsquo;IFOR"},"content":{"rendered":"<p>Le <strong>MIR<\/strong> fait partie d\u2019une association appel\u00e9e l\u2019<strong>IFOR<\/strong> (International Fellowship of Reconciliation), qui\u00a0rassemble des croyants de toute confession qui adh\u00e8rent au principe de la non-violence dans leur action pour la paix et la justice.<\/p>\n<p><strong>Fond\u00e9 en 1914 et organis\u00e9 en 1919, l\u2019IFOR est pr\u00e9sent dans plus de 40 pays \u00e0 travers plus de 65 branches, groupes et affili\u00e9s.<\/strong><\/p>\n<p>Les membres de l\u2019IFOR partagent la vision d\u2019un monde o\u00f9 les conflits sont r\u00e9solus par des moyens non-violents, o\u00f9 les syst\u00e8mes entretenant la peur et la haine sont d\u00e9mantel\u00e9s, o\u00f9 justice est demand\u00e9e pour que la paix puisse s\u2019\u00e9tablir. Issus de spiritualit\u00e9s diff\u00e9rentes, nous avons une foi commune dans la\u00a0<strong>force transformatrice de la non-violence et de la r\u00e9conciliation.<\/strong><\/p>\n<p>Nous mettons en place des initiatives d\u2019\u00e9ducation publique, organisons des programmes de formation et coordonnons des campagnes. L\u2019IFOR soutient et stimule ceux qui \u00e0 travers le monde, se font les porte-parole de la non-violence dans leur communaut\u00e9 et leur pays.<\/p>\n<p>Le travail commun des membres de l\u2019IFOR se fait essentiellement \u00e0 travers les branches et groupes locaux auxquels ils appartiennent. Les repr\u00e9sentants de ces organisations se rencontrent lors du Conseil quadriennal de l\u2019IFOR, o\u00f9 sont d\u00e9cid\u00e9es les politiques \u00e0 suivre et les programmes internationaux \u00e0 \u00e9laborer. Un Comit\u00e9 international \u00e9lu se r\u00e9unit r\u00e9guli\u00e8rement entre les Conseils pour veiller \u00e0 l\u2019impl\u00e9mentation de ces d\u00e9cisions.<\/p>\n<p>Le Secr\u00e9tariat international de l\u2019IFOR, situ\u00e9 aux Pays-Bas, facilite la communication entre les membres, organise les d\u00e9l\u00e9gations et les actions urgentes et publie le mat\u00e9riel \u00e9ducatif de l\u2019IFOR. Le Secr\u00e9tariat abrite diff\u00e9rents programmes, tel le Programme Femmes Artisanes de la Paix.<\/p>\n<p>L\u2019IFOR jouit d\u2019un statut officiel aupr\u00e8s de l\u2019ONU et de l\u2019UNESCO. Ses repr\u00e9sentants \u00e0 New York, Gen\u00e8ve, Vienne et Paris plaident pour les droits de l\u2019homme, le d\u00e9sarmement et la r\u00e9solution non-violente des conflits.<\/p>\n<p><strong>Les programmes de l&rsquo;IFOR \u00e0 travers le monde<\/strong><\/p>\n<p>Le travail men\u00e9 par les branches et groupes de l\u2019IFOR refl\u00e8te la grande diversit\u00e9 de cultures et de contextes politiques dans lesquels notre mouvement\u00a0op\u00e8re\u00a0:<\/p>\n<p>IFOR Zimbabwe a form\u00e9 des observateurs charg\u00e9s de surveiller une \u00e9lection pr\u00e9sidentielle controvers\u00e9e. La branche s\u2019efforce en coop\u00e9ration avec les Eglises locales de r\u00e9duire les violences domestiques.<\/p>\n<p>La branche suisse de l\u2019IFOR travaille sur la probl\u00e9matique de l\u2019immigration, conduisant des ateliers sur la diversit\u00e9 ethnique auxquels participent Suisses et \u00e9trangers. Elle travaille \u00e9galement avec des r\u00e9fugi\u00e9s somaliens qui ont fond\u00e9 leur propre organisation pour la paix.<\/p>\n<p>IFOR Japon fait campagne pour que soit conserv\u00e9 le caract\u00e8re pacifique de la Constitution japonaise dans laquelle sont inscrits l\u2019abandon de la force militaire et la renonciation \u00e0 la guerre.<\/p>\n<p>En Palestine, Wi\u2019am organise des formations sur la r\u00e9solution de conflits, int\u00e9grant m\u00e9thodes arabes traditionnelles et techniques occidentales.<\/p>\n<p><strong>Domaines d\u2019action<\/strong><\/p>\n<p>L\u2019IFOR a identifi\u00e9 cinq domaines d\u2019action pour lesquels des programmes permanents ont \u00e9t\u00e9 d\u00e9velopp\u00e9s. De nombreuses branches et groupes conduisent des projets locaux sur ces th\u00e8mes\u00a0:<\/p>\n<p><strong>Promouvoir une Culture de Non-violence<\/strong><\/p>\n<p>L&rsquo;IFOR promeut une culture de non-violence et de paix. Il a \u00e9t\u00e9 \u00e0 l&rsquo;origine, avec d&rsquo;autres organisations, de la D\u00e9cennie de l&rsquo;ONU pour une culture de non-violence et de paix au profit des enfants du monde (2001-2010). Les membres de l\u2019IFOR sont engag\u00e9s dans ce travail d\u2019\u00e9ducation \u00e0 la non-violence et \u00e0 la paix.<\/p>\n<p><strong>Education et formation \u00e0 la non-violence<\/strong><\/p>\n<p>L\u2019IFOR aide les groupes et les individus \u00e0 chercher comment transformer les conflits en interactions positives visant \u00e0 progresser, o\u00f9 le dialogue sur lequel elles reposent conduira \u00e0 la r\u00e9conciliation. Ce soutien est fourni sous forme de pr\u00e9sentations et programmes de formation, ainsi qu\u2019\u00e0 travers la cr\u00e9ation de ressources et de contacts avec des formateurs et conseillers.<\/p>\n<p><strong>Autonomisation des jeunes<\/strong><\/p>\n<p>Par le biais de formations \u00e0 la non-violence et au leadership et de stages aupr\u00e8s des branches et groupes de l\u2019IFOR ou au Secr\u00e9tariat international, l\u2019IFOR offre aux jeunes la possibilit\u00e9 d\u2019acqu\u00e9rir le savoir-faire avec lequel ils pourront devenir des acteurs de la paix.<\/p>\n<p><strong>Coop\u00e9ration interconfessionnelle<\/strong><\/p>\n<p>Si la religion a pu \u00eatre un motif majeur de guerre, elle est aussi une source d\u2019inspiration et un guide sur le chemin de la paix. L\u2019IFOR finance les visites de d\u00e9l\u00e9gations interconfessionnelles dans les r\u00e9gions en conflit et publie des \u00e9crits sur la non-violence tir\u00e9s de traditions religieuses tr\u00e8s diverses.<\/p>\n<p><strong>D\u00e9sarmement<\/strong><\/p>\n<p>Depuis sa fondation, l\u2019IFOR s\u2019est oppos\u00e9 \u00e0 la guerre et aux pr\u00e9paratifs de guerre. Les membres du MIR soutiennent les objecteurs de conscience, font campagne pour l\u2019interdiction des mines anti-personnel et s\u2019\u00e9l\u00e8vent contre les armes nucl\u00e9aires et toute autre arme de destruction massive.<\/p>\n<p><strong>Maillage des connaissances et communication<\/strong><\/p>\n<p>Le Secr\u00e9tariat international facilite le partage d\u2019informations sur la totalit\u00e9 de notre r\u00e9seau mondial, ainsi qu\u2019avec un cercle plus large d\u2019amis et de sympathisants. L\u2019IFOR publie entre autres\u00a0:<\/p>\n<p><em><strong>Reconcilied<\/strong><\/em>, un bulletin trimestriel \u00e9lectronique sur les activit\u00e9s des branches, groupes et affili\u00e9s \u00e0 l\u2019IFOR et celles d\u2019autres organisations avec lesquelles nous coop\u00e9rons.<\/p>\n<p>Le site <a class=\"lien\" style=\"color: #b95557;\" href=\"http:\/\/www.ifor.org\/\" target=\"_blank\" rel=\"noopener\"><strong>www.ifor.org<\/strong><\/a> contient des informations de base, divers rapports de programmes, des d\u00e9clarations politiques et les coordonn\u00e9es de toutes les branches, groupes et affili\u00e9s d&rsquo;IFOR.<\/p>\n","protected":false},"excerpt":{"rendered":"<p>Le MIR fait partie d\u2019une association appel\u00e9e l\u2019IFOR (International Fellowship of Reconciliation), qui\u00a0rassemble des croyants de toute confession qui adh\u00e8rent au principe de la non-violence dans leur action pour la paix et la justice. Fond\u00e9 en 1914 et organis\u00e9 en 1919, l\u2019IFOR est pr\u00e9sent dans plus de 40 pays \u00e0 travers plus de 65 branches, [&hellip;]<\/p>\n","protected":false},"author":1,"featured_media":0,"parent":0,"menu_order":0,"comment_status":"closed","ping_status":"open","template":"","meta":{"footnotes":""},"class_list":["post-134","page","type-page","status-publish","hentry"],"_links":{"self":[{"href":"https:\/\/mirfrance.org\/MIR\/wp-json\/wp\/v2\/pages\/134","targetHints":{"allow":["GET"]}}],"collection":[{"href":"https:\/\/mirfrance.org\/MIR\/wp-json\/wp\/v2\/pages"}],"about":[{"href":"https:\/\/mirfrance.org\/MIR\/wp-json\/wp\/v2\/types\/page"}],"author":[{"embeddable":true,"href":"https:\/\/mirfrance.org\/MIR\/wp-json\/wp\/v2\/users\/1"}],"replies":[{"embeddable":true,"href":"https:\/\/mirfrance.org\/MIR\/wp-json\/wp\/v2\/comments?post=134"}],"version-history":[{"count":4,"href":"https:\/\/mirfrance.org\/MIR\/wp-json\/wp\/v2\/pages\/134\/revisions"}],"predecessor-version":[{"id":933,"href":"https:\/\/mirfrance.org\/MIR\/wp-json\/wp\/v2\/pages\/134\/revisions\/933"}],"wp:attachment":[{"href":"https:\/\/mirfrance.org\/MIR\/wp-json\/wp\/v2\/media?parent=134"}],"curies":[{"name":"wp","href":"https:\/\/api.w.org\/{rel}","templated":true}]}}