{"id":128,"date":"2015-01-29T21:40:14","date_gmt":"2015-01-29T20:40:14","guid":{"rendered":"http:\/\/mirfrance.org\/MIR\/?page_id=128"},"modified":"2023-10-10T11:26:04","modified_gmt":"2023-10-10T10:26:04","slug":"agir-avec-nous","status":"publish","type":"page","link":"https:\/\/mirfrance.org\/MIR\/agir-avec-nous\/","title":{"rendered":"Agir avec nous"},"content":{"rendered":"\n<p>Vous pouvez adh\u00e9rer au MIR en envoyant vos coordonn\u00e9es et le montant de votre adh\u00e9sion par ch\u00e8que au secr\u00e9tariat du MIR (68, rue de Babylone &#8211; 75007 Paris).<br \/>Les cotisations sont les suivantes :<\/p>\n<ul>\n<li>Simple : 48 \u20ac<\/li>\n<li>Couple : 65 \u20ac<\/li>\n<li>Petit budget : 10 \u20ac<\/li>\n<\/ul>\n<p>Vous pouvez vous abonner \u00e0 la revue du MIR, <em>Les Cahiers de la R\u00e9conciliation<\/em> (2 num\u00e9ros par an), en envoyant vos coordonn\u00e9es et le montant de votre abonnement au secr\u00e9tariat du MIR (68, rue de Babylone &#8211; 75007 Paris) :<\/p>\n<p>\u00c9dition num\u00e9rique : 28 \u20ac<\/p>\n<p>\u00c9dition imprim\u00e9e :\u00a0<\/p>\n<ul>\n<li>France : 35 \u20ac<\/li>\n<li>Europe : 45 \u20ac<\/li>\n<li>Autre pays : 50 \u20ac<\/li>\n<\/ul>\n<p>\u00a0<\/p>\n","protected":false},"excerpt":{"rendered":"<p>Vous pouvez adh\u00e9rer au MIR en envoyant vos coordonn\u00e9es et le montant de votre adh\u00e9sion par ch\u00e8que au secr\u00e9tariat du MIR (68, rue de Babylone &#8211; 75007 Paris).Les cotisations sont les suivantes : Simple : 48 \u20ac Couple : 65 \u20ac Petit budget : 10 \u20ac Vous pouvez vous abonner \u00e0 la revue du MIR, [&hellip;]<\/p>\n","protected":false},"author":1,"featured_media":0,"parent":0,"menu_order":0,"comment_status":"closed","ping_status":"open","template":"","meta":{"footnotes":""},"class_list":["post-128","page","type-page","status-publish","hentry"],"_links":{"self":[{"href":"https:\/\/mirfrance.org\/MIR\/wp-json\/wp\/v2\/pages\/128","targetHints":{"allow":["GET"]}}],"collection":[{"href":"https:\/\/mirfrance.org\/MIR\/wp-json\/wp\/v2\/pages"}],"about":[{"href":"https:\/\/mirfrance.org\/MIR\/wp-json\/wp\/v2\/types\/page"}],"author":[{"embeddable":true,"href":"https:\/\/mirfrance.org\/MIR\/wp-json\/wp\/v2\/users\/1"}],"replies":[{"embeddable":true,"href":"https:\/\/mirfrance.org\/MIR\/wp-json\/wp\/v2\/comments?post=128"}],"version-history":[{"count":5,"href":"https:\/\/mirfrance.org\/MIR\/wp-json\/wp\/v2\/pages\/128\/revisions"}],"predecessor-version":[{"id":1006,"href":"https:\/\/mirfrance.org\/MIR\/wp-json\/wp\/v2\/pages\/128\/revisions\/1006"}],"wp:attachment":[{"href":"https:\/\/mirfrance.org\/MIR\/wp-json\/wp\/v2\/media?parent=128"}],"curies":[{"name":"wp","href":"https:\/\/api.w.org\/{rel}","templated":true}]}}