{"id":124,"date":"2015-01-29T21:37:46","date_gmt":"2015-01-29T20:37:46","guid":{"rendered":"http:\/\/mirfrance.org\/MIR\/?page_id=124"},"modified":"2025-03-04T12:14:46","modified_gmt":"2025-03-04T11:14:46","slug":"devenir-adherent","status":"publish","type":"page","link":"https:\/\/mirfrance.org\/MIR\/devenir-adherent\/","title":{"rendered":"Devenir adh\u00e9rent et s&rsquo;abonner \u00e0 notre revue"},"content":{"rendered":"<p><span style=\"color: #333399;\"><strong>Adh\u00e9rer au MIR<\/strong><\/span><\/p>\n<p>Vous pouvez adh\u00e9rer au MIR en envoyant vos coordonn\u00e9es et le montant de votre adh\u00e9sion par ch\u00e8que au secr\u00e9tariat (MIR &#8211; 68, rue de Babylone &#8211; 75007 Paris).<br \/>\nLes montants des cotisations sont les suivants :<\/p>\n<ul>\n<li>Simple : 48 \u20ac<\/li>\n<li>Couple : 65 \u20ac<\/li>\n<li>Petit budget : 10 \u20ac<\/li>\n<\/ul>\n<p><span style=\"color: #333399;\"><strong>S&rsquo;abonner aux <em>Cahiers de la R\u00e9conciliation<\/em><\/strong><\/span><\/p>\n<p>Vous pouvez vous abonner \u00e0 la revue du MIR,\u00a0<em>Les Cahiers de la R\u00e9conciliation<\/em>\u00a0(2 num\u00e9ros par an), en envoyant vos coordonn\u00e9es et le montant de votre abonnement au secr\u00e9tariat du MIR (68, rue de Babylone \u2013 75007 Paris) :<\/p>\n<p>Montant des abonnements :<\/p>\n<p>\u00c9dition num\u00e9rique : 28 \u20ac<\/p>\n<p>\u00c9dition imprim\u00e9e :<\/p>\n<ul>\n<li>France : 35 \u20ac<\/li>\n<li>Europe : 45 \u20ac<\/li>\n<li>Autre pays : 50 \u20ac<\/li>\n<\/ul>\n<p><span style=\"color: #333399;\"><b>Nos coordonn\u00e9es bancaires sont :<\/b><\/span><\/p>\n<p>La Banque Postale<\/p>\n<p>Compte : n\u00b0 0544567U038<\/p>\n<p>IBAN : FR74 2004 1010 0705 4456 7U03 873<\/p>\n<p>BIC : PSSTFRPPLYO<\/p>\n<p>en mentionnant pr\u00e9cis\u00e9ment l&rsquo;objet du virement.<\/p>\n","protected":false},"excerpt":{"rendered":"<p>Adh\u00e9rer au MIR Vous pouvez adh\u00e9rer au MIR en envoyant vos coordonn\u00e9es et le montant de votre adh\u00e9sion par ch\u00e8que au secr\u00e9tariat (MIR &#8211; 68, rue de Babylone &#8211; 75007 Paris). Les montants des cotisations sont les suivants : Simple : 48 \u20ac Couple : 65 \u20ac Petit budget : 10 \u20ac S&rsquo;abonner aux Cahiers [&hellip;]<\/p>\n","protected":false},"author":1,"featured_media":0,"parent":0,"menu_order":0,"comment_status":"closed","ping_status":"open","template":"","meta":{"footnotes":""},"class_list":["post-124","page","type-page","status-publish","hentry"],"_links":{"self":[{"href":"https:\/\/mirfrance.org\/MIR\/wp-json\/wp\/v2\/pages\/124","targetHints":{"allow":["GET"]}}],"collection":[{"href":"https:\/\/mirfrance.org\/MIR\/wp-json\/wp\/v2\/pages"}],"about":[{"href":"https:\/\/mirfrance.org\/MIR\/wp-json\/wp\/v2\/types\/page"}],"author":[{"embeddable":true,"href":"https:\/\/mirfrance.org\/MIR\/wp-json\/wp\/v2\/users\/1"}],"replies":[{"embeddable":true,"href":"https:\/\/mirfrance.org\/MIR\/wp-json\/wp\/v2\/comments?post=124"}],"version-history":[{"count":4,"href":"https:\/\/mirfrance.org\/MIR\/wp-json\/wp\/v2\/pages\/124\/revisions"}],"predecessor-version":[{"id":1120,"href":"https:\/\/mirfrance.org\/MIR\/wp-json\/wp\/v2\/pages\/124\/revisions\/1120"}],"wp:attachment":[{"href":"https:\/\/mirfrance.org\/MIR\/wp-json\/wp\/v2\/media?parent=124"}],"curies":[{"name":"wp","href":"https:\/\/api.w.org\/{rel}","templated":true}]}}