{"id":122,"date":"2015-01-29T21:36:03","date_gmt":"2015-01-29T20:36:03","guid":{"rendered":"http:\/\/mirfrance.org\/MIR\/?page_id=122"},"modified":"2015-01-29T21:37:20","modified_gmt":"2015-01-29T20:37:20","slug":"devenir-benevole","status":"publish","type":"page","link":"https:\/\/mirfrance.org\/MIR\/devenir-benevole\/","title":{"rendered":"Devenir b\u00e9n\u00e9vole"},"content":{"rendered":"<p><strong style=\"color: #1f325a;\">Les t\u00e2ches \u00e0 accomplir sont nombreuses au secr\u00e9tariat\u00a0:<\/strong><br style=\"color: #1f325a;\" \/><img loading=\"lazy\" decoding=\"async\" style=\"color: #1f325a;\" src=\"http:\/\/mirfrance.org\/img\/transp.gif\" alt=\"\" width=\"20\" height=\"15\" \/><span style=\"color: #1f325a;\">\u00a0<\/span><img loading=\"lazy\" decoding=\"async\" style=\"color: #1f325a;\" src=\"http:\/\/mirfrance.org\/img\/puce2.gif\" alt=\"\" width=\"6\" height=\"6\" hspace=\"5\" \/><span style=\"color: #1f325a;\">\u00a0mise \u00e0 jour des fichiers,\u00a0<\/span><br style=\"color: #1f325a;\" \/><img loading=\"lazy\" decoding=\"async\" style=\"color: #1f325a;\" src=\"http:\/\/mirfrance.org\/img\/transp.gif\" alt=\"\" width=\"20\" height=\"15\" \/><span style=\"color: #1f325a;\">\u00a0<\/span><img loading=\"lazy\" decoding=\"async\" style=\"color: #1f325a;\" src=\"http:\/\/mirfrance.org\/img\/puce2.gif\" alt=\"\" width=\"6\" height=\"6\" hspace=\"5\" \/><span style=\"color: #1f325a;\">\u00a0aide pour le bulletin de l\u2019association,\u00a0<\/span><br style=\"color: #1f325a;\" \/><img loading=\"lazy\" decoding=\"async\" style=\"color: #1f325a;\" src=\"http:\/\/mirfrance.org\/img\/transp.gif\" alt=\"\" width=\"20\" height=\"15\" \/><span style=\"color: #1f325a;\">\u00a0<\/span><img loading=\"lazy\" decoding=\"async\" style=\"color: #1f325a;\" src=\"http:\/\/mirfrance.org\/img\/puce2.gif\" alt=\"\" width=\"6\" height=\"6\" hspace=\"5\" \/><span style=\"color: #1f325a;\">\u00a0tenue de stands du MIR \u00e0 l\u2019occasion d\u2019expositions ou d\u2019animations,\u00a0<\/span><br style=\"color: #1f325a;\" \/><img loading=\"lazy\" decoding=\"async\" style=\"color: #1f325a;\" src=\"http:\/\/mirfrance.org\/img\/transp.gif\" alt=\"\" width=\"20\" height=\"15\" \/><br style=\"color: #1f325a;\" \/><span style=\"color: #1f325a;\">Ces t\u00e2ches permettent au mouvement de continuer d\u2019avancer dans son travail quotidien sur la non-violence.<\/span><\/p>\n<p style=\"color: #1f325a;\">\u00a0<img loading=\"lazy\" decoding=\"async\" src=\"http:\/\/mirfrance.org\/img\/puce2.gif\" alt=\"\" width=\"6\" height=\"6\" hspace=\"5\" \/>\u00a0participer \u00e0 des actions<\/p>\n<p style=\"color: #1f325a;\">Alors si vous avez ne serait-ce qu\u2019un petit peu de temps \u00e0 nous consacrer, n\u2019h\u00e9sitez pas \u00e0 contacter en ce sens notre secr\u00e9tariat au\u00a0<strong><br \/>\n01 47 53 84 05.<\/strong><\/p>\n<p style=\"color: #1f325a;\">Nous remercions tous les b\u00e9n\u00e9voles qui actuellement, dans le pass\u00e9 ou \u00e0 l\u2019avenir, contribuent \u00e0 l\u2019action du MIR.<\/p>\n","protected":false},"excerpt":{"rendered":"<p>Les t\u00e2ches \u00e0 accomplir sont nombreuses au secr\u00e9tariat\u00a0:\u00a0\u00a0mise \u00e0 jour des fichiers,\u00a0\u00a0\u00a0aide pour le bulletin de l\u2019association,\u00a0\u00a0\u00a0tenue de stands du MIR \u00e0 l\u2019occasion d\u2019expositions ou d\u2019animations,\u00a0Ces t\u00e2ches permettent au mouvement de continuer d\u2019avancer dans son travail quotidien sur la non-violence. \u00a0\u00a0participer \u00e0 des actions Alors si vous avez ne serait-ce qu\u2019un petit peu de temps [&hellip;]<\/p>\n","protected":false},"author":1,"featured_media":0,"parent":0,"menu_order":0,"comment_status":"closed","ping_status":"open","template":"","meta":{"footnotes":""},"class_list":["post-122","page","type-page","status-publish","hentry"],"_links":{"self":[{"href":"https:\/\/mirfrance.org\/MIR\/wp-json\/wp\/v2\/pages\/122","targetHints":{"allow":["GET"]}}],"collection":[{"href":"https:\/\/mirfrance.org\/MIR\/wp-json\/wp\/v2\/pages"}],"about":[{"href":"https:\/\/mirfrance.org\/MIR\/wp-json\/wp\/v2\/types\/page"}],"author":[{"embeddable":true,"href":"https:\/\/mirfrance.org\/MIR\/wp-json\/wp\/v2\/users\/1"}],"replies":[{"embeddable":true,"href":"https:\/\/mirfrance.org\/MIR\/wp-json\/wp\/v2\/comments?post=122"}],"version-history":[{"count":1,"href":"https:\/\/mirfrance.org\/MIR\/wp-json\/wp\/v2\/pages\/122\/revisions"}],"predecessor-version":[{"id":123,"href":"https:\/\/mirfrance.org\/MIR\/wp-json\/wp\/v2\/pages\/122\/revisions\/123"}],"wp:attachment":[{"href":"https:\/\/mirfrance.org\/MIR\/wp-json\/wp\/v2\/media?parent=122"}],"curies":[{"name":"wp","href":"https:\/\/api.w.org\/{rel}","templated":true}]}}