{"id":1018,"date":"2023-10-11T10:35:52","date_gmt":"2023-10-11T09:35:52","guid":{"rendered":"https:\/\/mirfrance.org\/MIR\/?page_id=1018"},"modified":"2023-10-11T10:38:27","modified_gmt":"2023-10-11T09:38:27","slug":"charte-du-mir","status":"publish","type":"page","link":"https:\/\/mirfrance.org\/MIR\/charte-du-mir\/","title":{"rendered":"Charte du MIR"},"content":{"rendered":"\n\n\n<h2><strong>Charte de la branche fran\u00e7aise du MIR<\/strong><\/h2>\n<h3>\u00a0<\/h3>\n<h3><strong>\u00a0Nos racines<\/strong><\/h3>\n<p>Le MIR, Mouvement international de la R\u00e9conciliation, branche fran\u00e7aise d\u2019IFOR, fonde son engagement et son service sur le message de la non-violence et de la r\u00e9conciliation tel qu\u2019il est r\u00e9v\u00e9l\u00e9 en la personne de J\u00e9sus Christ dans l\u2019Evangile, notamment dans les B\u00e9atitudes et le Sermon sur la montagne.<\/p>\n<h3><strong>Nos objectifs<\/strong><\/h3>\n<p>Intimement convaincu que ce message de J\u00e9sus Christ nous appelle aujourd\u2019hui plus que jamais au combat pour la justice, la paix et la dignit\u00e9 des personnes, le MIR s\u2019est fix\u00e9 comme objectif\u00a0:<\/p>\n<ul>\n<li>La d\u00e9nonciation de la guerre et de la culture de violence<\/li>\n<li>La promotion d\u2019une culture de non-violence active et de paix<\/li>\n<li>Le dialogue et la r\u00e9conciliation entre les personnes, les peuples, les cultures et les religions<\/li>\n<li>La mise en place et le renforcement de structures politiques d\u00e9mocratiques, structures sociales et \u00e9conomiques plus justes dans et entre les diverses parties du monde<\/li>\n<li>L\u2019interpellation fraternelle des croyants, des Eglises et des communaut\u00e9s chr\u00e9tiennes, sur leur vocation et leur responsabilit\u00e9 dans ces domaines<\/li>\n<\/ul>\n<h3><strong>Nos engagements<\/strong><\/h3>\n<p>En cons\u00e9quence, nous r\u00e9sistons avec la plus grande fermet\u00e9\u00a0:<\/p>\n<ul>\n<li>\u00e0 l\u2019usage de la violence comme moyen de r\u00e9gler les conflits<\/li>\n<\/ul>\n<p>\u00a0 \u00a0 \u00a0 \u00a0 \u00a0 \u00a0&#8211; entre personnes<\/p>\n<p>\u00a0 \u00a0 \u00a0 \u00a0 \u00a0 \u00a0&#8211; entre groupes et communaut\u00e9s<\/p>\n<p>\u00a0 \u00a0 \u00a0 \u00a0 \u00a0 \u00a0&#8211; entre nations<\/p>\n<ul>\n<li>au recours \u00e0 la guerre et \u00e0 tout ce qui tend \u00e0 l\u2019organiser ou la justifier<\/li>\n<li>\u00e0 la fabrication et au commerce de toutes les armes, particuli\u00e8rement les armes nucl\u00e9aires<\/li>\n<li>aux autres formes de violence et de domination, parfois plus insidieuses\u00a0: violences \u00e9conomiques et \u00e9cologiques\u00a0; nationalisme\u00a0; totalitarisme\u00a0; racisme\u00a0; exclusions\u00a0; exploitation des hommes, femmes et enfants\u00a0\u2026<\/li>\n<\/ul>\n<h3><strong>\u00a0Nous travaillons\u00a0:<\/strong><\/h3>\n<ul>\n<li>\u00e0 la recherche th\u00e9ologique sur la non-violence et ses implications pratiques au sein des Eglises chr\u00e9tiennes et des autres traditions religieuses<\/li>\n<li>\u00e0 l\u2019\u00e9ducation \u00e0 la paix, \u00e0 la formation \u00e0 la m\u00e9diation et \u00e0 la r\u00e9solution non-violente des conflits<\/li>\n<li>\u00e0 la reconnaissance de l\u2019objection de conscience \u00e0 l\u2019obligation militaire<\/li>\n<li>\u00e0 l\u2019analyse des causes et des formes d\u2019injustices et de violences dans notre soci\u00e9t\u00e9 et \u00e0 la recherche des moyens non-violents pour y rem\u00e9dier, jusqu\u2019\u00e0 la d\u00e9sob\u00e9issance civile.<\/li>\n<\/ul>\n<p><em>Charte adopt\u00e9e par l&rsquo;assembl\u00e9e g\u00e9n\u00e9rale du MIR le 10 juin 2007<\/em><\/p>\n","protected":false},"excerpt":{"rendered":"<p>Charte de la branche fran\u00e7aise du MIR \u00a0 \u00a0Nos racines Le MIR, Mouvement international de la R\u00e9conciliation, branche fran\u00e7aise d\u2019IFOR, fonde son engagement et son service sur le message de la non-violence et de la r\u00e9conciliation tel qu\u2019il est r\u00e9v\u00e9l\u00e9 en la personne de J\u00e9sus Christ dans l\u2019Evangile, notamment dans les B\u00e9atitudes et le Sermon [&hellip;]<\/p>\n","protected":false},"author":1,"featured_media":0,"parent":0,"menu_order":0,"comment_status":"closed","ping_status":"closed","template":"","meta":{"footnotes":""},"class_list":["post-1018","page","type-page","status-publish","hentry"],"_links":{"self":[{"href":"https:\/\/mirfrance.org\/MIR\/wp-json\/wp\/v2\/pages\/1018","targetHints":{"allow":["GET"]}}],"collection":[{"href":"https:\/\/mirfrance.org\/MIR\/wp-json\/wp\/v2\/pages"}],"about":[{"href":"https:\/\/mirfrance.org\/MIR\/wp-json\/wp\/v2\/types\/page"}],"author":[{"embeddable":true,"href":"https:\/\/mirfrance.org\/MIR\/wp-json\/wp\/v2\/users\/1"}],"replies":[{"embeddable":true,"href":"https:\/\/mirfrance.org\/MIR\/wp-json\/wp\/v2\/comments?post=1018"}],"version-history":[{"count":3,"href":"https:\/\/mirfrance.org\/MIR\/wp-json\/wp\/v2\/pages\/1018\/revisions"}],"predecessor-version":[{"id":1022,"href":"https:\/\/mirfrance.org\/MIR\/wp-json\/wp\/v2\/pages\/1018\/revisions\/1022"}],"wp:attachment":[{"href":"https:\/\/mirfrance.org\/MIR\/wp-json\/wp\/v2\/media?parent=1018"}],"curies":[{"name":"wp","href":"https:\/\/api.w.org\/{rel}","templated":true}]}}